{"id":95,"date":"2023-06-19T15:07:50","date_gmt":"2023-06-19T13:07:50","guid":{"rendered":"http:\/\/adrienkanter.com\/?page_id=95"},"modified":"2025-04-30T14:35:13","modified_gmt":"2025-04-30T12:35:13","slug":"movies","status":"publish","type":"page","link":"https:\/\/adrienkanter.com\/index.php\/movies\/","title":{"rendered":""},"content":{"rendered":"\n<div class=\"wp-block-group\"><div class=\"wp-block-group__inner-container is-layout-constrained wp-block-group-is-layout-constrained\">\n<div class=\"wp-block-group\"><div class=\"wp-block-group__inner-container is-layout-constrained wp-block-group-is-layout-constrained\">\n<h2 class=\"wp-block-heading\"><strong>SOUNDTRACKS : <\/strong><\/h2>\n\n\n\n<h3 class=\"wp-block-heading\">Mictlan <em>(2013 &#8211; Augustin Gimmel)<\/em><\/h3>\n\n\n\n<p>Duet with Fr\u00e9d\u00e9ric D. Oberland  &#8211; Winner of Best Music and Best Movie award at Cot\u00e9 Court festival 2013.<\/p>\n\n\n\n<iframe loading=\"lazy\" src=\"https:\/\/player.vimeo.com\/video\/91499489?h=6f37d2283e&#038;color=ffffff&#038;portrait=0\" width=\"640\" height=\"360\" frameborder=\"0\" allow=\"autoplay; fullscreen; picture-in-picture\" allowfullscreen><\/iframe>\n\n\n\n<div style=\"height:100px\" aria-hidden=\"true\" class=\"wp-block-spacer\"><\/div>\n\n\n\n<h3 class=\"wp-block-heading\">Peremptio <em>(2010 &#8211; Marie-C\u00e9cile Lucas)<\/em><\/h3>\n\n\n\n<p><\/p>\n\n\n\n<iframe loading=\"lazy\" width=\"100%\" height=\"166\" scrolling=\"no\" frameborder=\"no\" allow=\"autoplay\" src=\"https:\/\/w.soundcloud.com\/player\/?url=https%3A\/\/api.soundcloud.com\/tracks\/5326889&#038;color=%23191b17&#038;auto_play=true&#038;hide_related=false&#038;show_comments=true&#038;show_user=true&#038;show_reposts=false&#038;show_teaser=true\"><\/iframe><div style=\"font-size: 10px; color: #cccccc;line-break: anywhere;word-break: normal;overflow: hidden;white-space: nowrap;text-overflow: ellipsis; font-family: Interstate,Lucida Grande,Lucida Sans Unicode,Lucida Sans,Garuda,Verdana,Tahoma,sans-serif;font-weight: 100;\"><\/div>\n\n\n\n<div style=\"height:100px\" aria-hidden=\"true\" class=\"wp-block-spacer\"><\/div>\n\n\n\n<h2 class=\"wp-block-heading\">VIDEO CLIPS :<\/h2>\n\n\n\n<h3 class=\"wp-block-heading\">U live in a shadow (2024)<\/h3>\n\n\n\n<ul class=\"wp-block-list\">\n<li>Movement : Manon Martins<\/li>\n\n\n\n<li>Head operator : Alexis Machet<\/li>\n\n\n\n<li>Choreographer : Th\u00f4 Anotha\u00ef<\/li>\n\n\n\n<li>Editing : Thomas Sanchez<\/li>\n\n\n\n<li>Calibration : Jeanne Frenkel<\/li>\n<\/ul>\n\n\n\n<iframe loading=\"lazy\" width=\"560\" height=\"315\" src=\"https:\/\/www.youtube.com\/embed\/a9H3mNXtnmM?si=uQfvZmeiVtljoShv\" title=\"YouTube video player\" frameborder=\"0\" allow=\"accelerometer; autoplay; clipboard-write; encrypted-media; gyroscope; picture-in-picture; web-share\" allowfullscreen><\/iframe>\n<\/div><\/div>\n\n\n\n<div class=\"wp-block-group\"><div class=\"wp-block-group__inner-container is-layout-constrained wp-block-group-is-layout-constrained\">\n<div style=\"height:100px\" aria-hidden=\"true\" class=\"wp-block-spacer\"><\/div>\n\n\n\n<h2 class=\"wp-block-heading\">Bagarre de Lions<\/h2>\n\n\n\n<p>Director : Chlo\u00e9 Le N\u00f4tre<\/p>\n\n\n\n<h4 class=\"wp-block-heading\">from Infinites R\u00e9flexions (2017)<\/h4>\n\n\n\n<iframe loading=\"lazy\" width=\"560\" height=\"315\" src=\"https:\/\/www.youtube.com\/embed\/kC1g-43vzzw\" title=\"YouTube video player\" frameborder=\"0\" allow=\"accelerometer; autoplay; clipboard-write; encrypted-media; gyroscope; picture-in-picture; web-share\" allowfullscreen><\/iframe>\n<\/div><\/div>\n<\/div><\/div>\n\n\n\n<div class=\"wp-block-group\"><div class=\"wp-block-group__inner-container is-layout-constrained wp-block-group-is-layout-constrained\">\n<h2 class=\"wp-block-heading\"> <div style=\"height:100px\" aria-hidden=\"true\" class=\"wp-block-spacer\"><\/div>Elvin<\/h2>\n\n\n\n<p>Directors : Simon Gosselin &amp; Pierre Martin<\/p>\n\n\n\n<h4 class=\"wp-block-heading\">from Infinites R\u00e9flexions (2017)<\/h4>\n\n\n\n<iframe loading=\"lazy\" src=\"https:\/\/player.vimeo.com\/video\/201407190?h=18203468ac&#038;title=0&#038;byline=0&#038;portrait=0\" width=\"640\" height=\"360\" frameborder=\"0\" allow=\"autoplay; fullscreen; picture-in-picture\" allowfullscreen><\/iframe>\n<\/div><\/div>\n\n\n\n<div style=\"height:100px\" aria-hidden=\"true\" class=\"wp-block-spacer\"><\/div>\n\n\n\n<div class=\"wp-block-group\"><div class=\"wp-block-group__inner-container is-layout-constrained wp-block-group-is-layout-constrained\"><\/div><\/div>\n\n\n\n<div class=\"wp-block-group\"><div class=\"wp-block-group__inner-container is-layout-constrained wp-block-group-is-layout-constrained\">\n<div style=\"height:100px\" aria-hidden=\"true\" class=\"wp-block-spacer\"><\/div>\n<\/div><\/div>\n\n\n","protected":false},"excerpt":{"rendered":"<p>SOUNDTRACKS : Mictlan (2013 &#8211; Augustin Gimmel) Duet with Fr\u00e9d\u00e9ric D. Oberland &#8211; Winner of Best Music and Best Movie award at Cot\u00e9 Court festival 2013. Peremptio (2010 &#8211; Marie-C\u00e9cile Lucas) VIDEO CLIPS : U live in a shadow (2024) Bagarre de Lions Director : Chlo\u00e9 Le N\u00f4tre from Infinites R\u00e9flexions (2017) Elvin Directors : [&hellip;]<\/p>\n","protected":false},"author":1,"featured_media":0,"parent":0,"menu_order":0,"comment_status":"closed","ping_status":"closed","template":"","meta":{"footnotes":""},"class_list":["post-95","page","type-page","status-publish","hentry"],"_links":{"self":[{"href":"https:\/\/adrienkanter.com\/index.php\/wp-json\/wp\/v2\/pages\/95","targetHints":{"allow":["GET"]}}],"collection":[{"href":"https:\/\/adrienkanter.com\/index.php\/wp-json\/wp\/v2\/pages"}],"about":[{"href":"https:\/\/adrienkanter.com\/index.php\/wp-json\/wp\/v2\/types\/page"}],"author":[{"embeddable":true,"href":"https:\/\/adrienkanter.com\/index.php\/wp-json\/wp\/v2\/users\/1"}],"replies":[{"embeddable":true,"href":"https:\/\/adrienkanter.com\/index.php\/wp-json\/wp\/v2\/comments?post=95"}],"version-history":[{"count":19,"href":"https:\/\/adrienkanter.com\/index.php\/wp-json\/wp\/v2\/pages\/95\/revisions"}],"predecessor-version":[{"id":529,"href":"https:\/\/adrienkanter.com\/index.php\/wp-json\/wp\/v2\/pages\/95\/revisions\/529"}],"wp:attachment":[{"href":"https:\/\/adrienkanter.com\/index.php\/wp-json\/wp\/v2\/media?parent=95"}],"curies":[{"name":"wp","href":"https:\/\/api.w.org\/{rel}","templated":true}]}}