{"id":7,"date":"2023-06-06T15:01:19","date_gmt":"2023-06-06T13:01:19","guid":{"rendered":"http:\/\/adrienkanter.com\/?page_id=7"},"modified":"2025-05-03T09:01:20","modified_gmt":"2025-05-03T07:01:20","slug":"home","status":"publish","type":"page","link":"https:\/\/adrienkanter.com\/","title":{"rendered":"&#8220;Ils sont rares les musiciens capables de cr\u00e9er leur propre espace-temps.<br>Apr\u00e8s des ann\u00e9es dans les sph\u00e8res underground fran\u00e7aises, Adrien Kanter semble enfin parvenir \u00e0 rejoindre cette zone lointaine et essentielle de l\u2019inspiration artistique, lib\u00e9r\u00e9e des modes, des citations et des gimmicks."},"content":{"rendered":"\n<p>Mont Falco (2024) :<\/p>\n\n\n\n<div class=\"wp-block-group\"><div class=\"wp-block-group__inner-container is-layout-constrained wp-block-group-is-layout-constrained\">\n<iframe style=\"border: 0; width: 100%; height: 120px;\" src=\"https:\/\/bandcamp.com\/EmbeddedPlayer\/album=1561662641\/size=large\/bgcol=333333\/linkcol=9a64ff\/tracklist=false\/artwork=small\/transparent=true\/\" seamless><a href=\"https:\/\/adrienkanter.bandcamp.com\/album\/mont-falco\">Mont Falco by Adrien Kanter<\/a><\/iframe>\n\n\n\n<div style=\"height:65px\" aria-hidden=\"true\" class=\"wp-block-spacer\"><\/div>\n\n\n\n<p>N\u00e9 dans la banlieue parisienne, il d\u00e9couvre la musique relativement tard, marqu\u00e9 par une grand-m\u00e8re m\u00e9lomane. Entr\u00e9 dans l\u2019\u00e2ge adulte, il quitte le monde du travail qui l\u2019\u00e9touffe et s\u2019abandonne totalement \u00e0 la pratique de la musique, guid\u00e9 par son instinct et des rencontres qui lui permettront d\u2019avancer en toute libert\u00e9.<\/p>\n\n\n\n<p>On le verra ainsi d\u2019abord au sein d\u2019un trio noise-rock activiste du Do-It-Yourself parisien (Looking For John G), d\u2019un groupe free rock devenu culte (Le R\u00e9veil des Tropiques), d\u2019un duo de synth pop r\u00e9tromaniaque (Tr\u00e9sors) ou d\u2019un projet harsh noise dada (Eddie 135). Plusieurs vies v\u00e9cues sur les routes de France, du Japon, des USA qui nourrissent une personnalit\u00e9 affranchie, toujours en qu\u00eate de nouvelles inspirations, mati\u00e8res sonores et collaborations.<\/p>\n\n\n\n<p>Depuis quelques ann\u00e9es, Adrien Kanter est devenu un musicien recherch\u00e9 dans le spectacle vivant, collaborateur de Tommy Milliot, Ousmane Sy ou Das Plateau. Ces exp\u00e9riences ont d\u00e9cupl\u00e9 sa capacit\u00e9 \u00e0 \u00e9crire une musique narrative, voyageuse et capable de nous arracher \u00e0 la r\u00e9alit\u00e9.&#8221;<\/p>\n\n\n\n<div style=\"height:65px\" aria-hidden=\"true\" class=\"wp-block-spacer\"><\/div>\n\n\n<\/div><\/div>\n\n\n\n<figure class=\"wp-block-image size-large is-resized is-style-default\"><img loading=\"lazy\" decoding=\"async\" width=\"1024\" height=\"683\" src=\"http:\/\/adrienkanter.com\/wp-content\/uploads\/2023\/09\/unnamed-1024x683.jpg\" alt=\"\" class=\"wp-image-220\" style=\"aspect-ratio:1.499267935578331;width:953px;height:auto\" srcset=\"https:\/\/adrienkanter.com\/wp-content\/uploads\/2023\/09\/unnamed-1024x683.jpg 1024w, https:\/\/adrienkanter.com\/wp-content\/uploads\/2023\/09\/unnamed-300x200.jpg 300w, https:\/\/adrienkanter.com\/wp-content\/uploads\/2023\/09\/unnamed-768x512.jpg 768w, https:\/\/adrienkanter.com\/wp-content\/uploads\/2023\/09\/unnamed-1536x1024.jpg 1536w, https:\/\/adrienkanter.com\/wp-content\/uploads\/2023\/09\/unnamed-600x400.jpg 600w, https:\/\/adrienkanter.com\/wp-content\/uploads\/2023\/09\/unnamed.jpg 2048w\" sizes=\"auto, (max-width: 1024px) 100vw, 1024px\" \/><\/figure>\n\n\n\n<div style=\"height:65px\" aria-hidden=\"true\" class=\"wp-block-spacer\"><\/div>\n\n\n\n<div class=\"wp-block-group\"><div class=\"wp-block-group__inner-container is-layout-constrained wp-block-group-is-layout-constrained\">\n\n\n<p><em>&#8220;Rare are the musicians who can craft their own space-time. After years in the depths of the French underground scene, Adrien Kanter appears to have finally reached that distant and essential realm of artistic inspiration, free from trends, references, and gimmicks.<\/em><\/p>\n\n\n\n<p class=\"has-text-align-left\"><em>Born in the suburbs of Paris, he discovered music relatively late, influenced by a music-loving grandmother. As he entered adulthood, he left behind the suffocating world of work and fully embraced the practice of music, guided by his instincts and encounters that allowed him to move forward with complete freedom. <\/em><\/p>\n\n\n\n<p class=\"has-text-align-left\"><em>We first saw him as a part of an activist noise-rock trio in the Parisian DIY scene (Looking For John G), a cultish free rock group (Le R\u00e9veil des Tropiques), a retro-pop synth duo (Tr\u00e9sors), or even a Dadaist harsh noise project (Eddie 135). Multiple lives lived on the roads of France, Japan, and the USA, feeding an emancipated personality, always in search of new inspirations, sonic materials, and collaborations.<\/em><\/p>\n\n\n\n<p class=\"has-text-align-left\"><em>In recent years, Adrien Kanter has become a sought-after musician in the world of live performance, collaborating with Tommy Milliot, Ousmane Sy, and Das Plateau. These experiences have greatly enhanced his ability to compose narrative, immersive music capable of pulling us away from reality.&#8221;<\/em><\/p>\n\n\n\n<\/b>\n<\/div><\/div>\n\n\n\n<p>by <em>Adrien Durand &#8211; 2023<\/em><\/p>\n\n\n\n<div style=\"height:56px\" aria-hidden=\"true\" class=\"wp-block-spacer\"><\/div>\n\n\n\n<div class=\"wp-block-columns alignwide are-vertically-aligned-bottom is-layout-flex wp-container-core-columns-is-layout-9d6595d7 wp-block-columns-is-layout-flex\">\n<div class=\"wp-block-column is-vertically-aligned-bottom is-layout-flow wp-block-column-is-layout-flow\">\n<h6 class=\"wp-block-heading\">Photo : Timoth\u00e9e \u00ab Timo \u00bb Lejolivet \/ Earthbound &#8211; Cie BlackSheep<\/h6>\n<\/div>\n<\/div>\n\n\n\n<div class=\"wp-block-group is-nowrap is-layout-flex wp-container-core-group-is-layout-ad2f72ca wp-block-group-is-layout-flex\"><\/div>\n\n\n\n<figure class=\"wp-block-gallery alignfull has-nested-images columns-default is-cropped columns-4 is-style-no-gaps wp-block-gallery-1 is-layout-flex wp-block-gallery-is-layout-flex\"><\/figure>\n","protected":false},"excerpt":{"rendered":"<p>\n\t<a href=\"https:\/\/webmandesign.github.io\/docs\/michelle\/#posts-excerpt\">This is a page\/post excerpt text.<\/a><br \/>\n\tLorem dolor sit amet adipiscing elit gravida, enim curabitur sagittis magna molestie rutrum nostra viverra.<\/p>\n","protected":false},"author":1,"featured_media":0,"parent":0,"menu_order":0,"comment_status":"closed","ping_status":"closed","template":"templates\/no-intro-header-overlaid-light.php","meta":{"footnotes":""},"class_list":["post-7","page","type-page","status-publish","hentry"],"_links":{"self":[{"href":"https:\/\/adrienkanter.com\/index.php\/wp-json\/wp\/v2\/pages\/7","targetHints":{"allow":["GET"]}}],"collection":[{"href":"https:\/\/adrienkanter.com\/index.php\/wp-json\/wp\/v2\/pages"}],"about":[{"href":"https:\/\/adrienkanter.com\/index.php\/wp-json\/wp\/v2\/types\/page"}],"author":[{"embeddable":true,"href":"https:\/\/adrienkanter.com\/index.php\/wp-json\/wp\/v2\/users\/1"}],"replies":[{"embeddable":true,"href":"https:\/\/adrienkanter.com\/index.php\/wp-json\/wp\/v2\/comments?post=7"}],"version-history":[{"count":74,"href":"https:\/\/adrienkanter.com\/index.php\/wp-json\/wp\/v2\/pages\/7\/revisions"}],"predecessor-version":[{"id":534,"href":"https:\/\/adrienkanter.com\/index.php\/wp-json\/wp\/v2\/pages\/7\/revisions\/534"}],"wp:attachment":[{"href":"https:\/\/adrienkanter.com\/index.php\/wp-json\/wp\/v2\/media?parent=7"}],"curies":[{"name":"wp","href":"https:\/\/api.w.org\/{rel}","templated":true}]}}