{"id":271,"date":"2023-09-07T11:32:03","date_gmt":"2023-09-07T09:32:03","guid":{"rendered":"http:\/\/adrienkanter.com\/?page_id=271"},"modified":"2023-11-05T08:50:54","modified_gmt":"2023-11-05T07:50:54","slug":"tour","status":"publish","type":"page","link":"https:\/\/adrienkanter.com\/index.php\/tour\/","title":{"rendered":""},"content":{"rendered":"\n<h1 class=\"wp-block-heading\">HIGHLIGHTS<\/h1>\n\n\n\n<p><\/p>\n\n\n\n<h2 class=\"wp-block-heading\">Tr\u00e9sors<\/h2>\n\n\n\n<p>Le 104 (Paris) &#8211; October 2014<br>La Palais de Tokyo &#8211; November 2013<br>La Route du Rock (St Malo) &amp; Vision festival (Morlaix) &#8211; August 2013<br>USA \/ East Coast tour &#8211; June 2012<\/p>\n\n\n\n<div style=\"height:41px\" aria-hidden=\"true\" class=\"wp-block-spacer\"><\/div>\n\n\n\n<h2 class=\"wp-block-heading\">Le R\u00e9veil des Tropiques<\/h2>\n\n\n\n<div class=\"wp-block-group\"><div class=\"wp-block-group__inner-container is-layout-constrained wp-block-group-is-layout-constrained\">\n<p>La Ferme Electrique #10, Tournan en Brie \u2013 2013 &amp; 2019<br>La Station, Release Party, Paris &#8211; 2019<br>Petit Bain, Paris \u2013 2018<br>Festival Bars En Trans,  Rennes &#8211; 2018<br>Fusion Festival, Larz (All) &#8211; 2018<br>Villette Sonique, Le Trabendo, Paris &#8211; 2014<br>Centre Pompidou, Festival Cin\u00e9ma du R\u00e9el, Paris &#8211; 2018<\/p>\n<\/div><\/div>\n\n\n\n<div style=\"height:45px\" aria-hidden=\"true\" class=\"wp-block-spacer\"><\/div>\n\n\n\n<h2 class=\"wp-block-heading\">eddie135<\/h2>\n\n\n\n<p>Portugal Tour &#8211; April 2009<br>Japan tour &#8211; june 2009<br>Curator at le Soci\u00e9t\u00e9 de Curiosit\u00e9s &#8211; 2009<\/p>\n\n\n\n<div style=\"height:65px\" aria-hidden=\"true\" class=\"wp-block-spacer\"><\/div>\n\n\n\n<h1 class=\"wp-block-heading\">FULL LISTING<\/h1>\n\n\n\n<h3 class=\"wp-block-heading\"><strong>SOLO<\/strong><\/h3>\n\n\n\n<p>\u2022 18-01-17 &#8211; Amiens (Accueil Froid)<br>\u2022 19-01-17 &#8211; Paris (Le Cirque Electrique)<br>\u2022 20-01-17 &#8211; Lille (l\u2019Univers)<br>\u2022 21-01-17 &#8211; Mouscron_BE (chez Ferdinand)<br>\u2022 26-01-17 &#8211; Dunkerque (les Containers de Fruct\u00f4se Dunkerque)<br>\u2022 27-01-17 &#8211; Bruxelles_BE (Barlok)<br>\u2022 3-02-17 &#8211; Nantes (le Gri-gri)<br>\u2022 3-04-17 &#8211; Rouen (le Calif)<\/p>\n\n\n\n<p><\/p>\n\n\n\n<h3 class=\"wp-block-heading\"><strong>LE REVEIL DES TROPIQUES<\/strong><\/h3>\n\n\n\n<p><strong><br><\/strong>\u2022 19-10-21 ::: Supersonic, PARIS<br>\u2022 07-12-19::: Les Parquets Sonores, GRENOBLE<br>\u2022 06-12-19::: CBGC, GIGORS-ET-LIZERON<br>\u2022 05-12-19::: Le Raymond Bar, CLERMONT-FERRAND<br>\u2022 04-12-19::: Le Message, TROYES<br>\u2022 03-12-19::: Silencio, PARIS<br>\u2022 14-11-19::: <a rel=\"noreferrer noopener\" href=\"https:\/\/www.facebook.com\/events\/397770514240689\/\" target=\"_blank\">Cantine de Mars<\/a>, MONS (BE)<br>\u2022 05-10-19::: <a rel=\"noreferrer noopener\" href=\"https:\/\/www.facebook.com\/events\/327716294616032\" target=\"_blank\">Festival Trouble F\u00eates<\/a>, TROYES<br>\u2022 02-10-19:::&nbsp;<a rel=\"noreferrer noopener\" href=\"http:\/\/badaboum.paris\/event\/phoenician-drive-le-reveil-des-tropiques\/\" target=\"_blank\">Badaboum<\/a>, PARIS<br><strong>\u2022 06-07-19::: Festival&nbsp;<a rel=\"noreferrer noopener\" href=\"https:\/\/www.facebook.com\/events\/417176985722280\/\" target=\"_blank\">La Ferme Electrique #10<\/a>, TOURNAN-EN-BRIE<\/strong><br><strong>\u2022 30-06-19::&nbsp;<a rel=\"noreferrer noopener\" href=\"https:\/\/www.facebook.com\/events\/602047886872087\/\" target=\"_blank\">La Station, Release Party<\/a>, PARIS<\/strong><br>\u2022 01-06-19:::&nbsp;<a rel=\"noreferrer noopener\" href=\"https:\/\/www.facebook.com\/events\/244079696543961\/\" target=\"_blank\">La Bulle, Maison-Folie Moulins<\/a>, LILLE<br>\u2022 31-05-19:::&nbsp;<a rel=\"noreferrer noopener\" href=\"https:\/\/www.facebook.com\/events\/351139948832523\/\" target=\"_blank\">KulturA<\/a>, LI\u00c8GE<br>\u2022 18-05-19:::&nbsp;<a rel=\"noreferrer noopener\" href=\"https:\/\/www.facebook.com\/events\/835371566811713\/\" target=\"_blank\">Bi\u00e8rock Festival,&nbsp;Salle de l&#8217;Aire<\/a>, FRONTIGNAN<br><strong>\u2022 18-01-19:::&nbsp;<a rel=\"noreferrer noopener\" href=\"https:\/\/www.facebook.com\/events\/257994798232145\/\" target=\"_blank\">Point Eph\u00e9m\u00e8re, Festival Off-Noise<\/a>, PARIS<\/strong><br><strong>\u2022 12-12-18:::&nbsp;<a rel=\"noreferrer noopener\" href=\"https:\/\/www.facebook.com\/events\/311986436293205\/\" target=\"_blank\">Petit Bain<\/a>, PARIS (+ France)<\/strong><br>\u2022 01-12-18<strong>\u200b&nbsp;<\/strong>:::&nbsp;<a rel=\"noreferrer noopener\" href=\"https:\/\/www.letempsmachine.com\/agenda\/johnny-mafia-le-reveil-des-tropiques-0\" target=\"_blank\">Le Temps Machine<\/a>, JOU\u00c9-LES-TOURS (+ Johnny Mafia)<br>\u2022 29-11-18<strong>\u200b&nbsp;<\/strong>:::&nbsp;<a rel=\"noreferrer noopener\" href=\"http:\/\/alter1fo.com\/d-u-d-s-le-reveil-des-tropiques-zad-kokar-mondo-bizarro-from-alambik-to-alambik-119810\" target=\"_blank\">Mondo Bizarro<\/a>, RENNES (+ Duds, Zad Kokar)<br>\u2022 28-11-18<strong>\u200b&nbsp;<\/strong>:: MacDaids, LE HAVRE<br>\u2022 27-11-18<strong>\u200b&nbsp;<\/strong>:::&nbsp;<a rel=\"noreferrer noopener\" href=\"https:\/\/www.atelier210.be\/agenda\/2018-11-27\/\" target=\"_blank\">Atelier 210<\/a>, BRUXELLES<br>\u2022 23-11-18<strong>\u200b&nbsp;<\/strong>:::&nbsp;<a rel=\"noreferrer noopener\" href=\"https:\/\/www.facebook.com\/events\/1901522283240703\/\" target=\"_blank\">La Ferronnerie<\/a>, PAU<br>\u2022 22-11-18<strong>\u200b&nbsp;<\/strong>:::&nbsp;<a rel=\"noreferrer noopener\" href=\"https:\/\/www.facebook.com\/events\/2016145118441693\/\" target=\"_blank\">Le Rex<\/a>, TOULOUSE (+Belzebong)<br>\u2022 16-11-18<strong>\u200b&nbsp;<\/strong>::: Le Poulpe, REGNIER-ESERY<br>\u2022 15-11-18<strong>\u200b&nbsp;<\/strong>:::&nbsp;<a rel=\"noreferrer noopener\" href=\"https:\/\/www.facebook.com\/events\/2084954078420096\/\" target=\"_blank\">Le Farmer<\/a>, LYON<br>\u2022 12-10-18<strong>\u200b&nbsp;<\/strong>:::&nbsp;<a rel=\"noreferrer noopener\" href=\"https:\/\/www.festivaldemarne.org\/artiste\/le-reveil-des-tropiques\/\" target=\"_blank\">La JIMI, FestiVal de Marne, Gonza\u00ef<\/a>, IVRY S\/ SEINE (+ Villejuif Underground, Casse-Gueule)<br>\u2022 14-07-18<strong>\u200b&nbsp;<\/strong>:::&nbsp;<a rel=\"noreferrer noopener\" href=\"http:\/\/supersonic-club.fr\/event\/festival-restons-serieux-10-juillet-2018-pierre-et-bastien-%E2%80%A2-warum-joe-%E2%80%A2-the-stratocastors\/\" target=\"_blank\">Supersonic, Festival Restons S\u00e9rieux<\/a>, PARIS<br><strong>\u2022 30-06-18&nbsp;:::&nbsp;<a rel=\"noreferrer noopener\" href=\"http:\/\/www.fusion-festival.de\/\" target=\"_blank\">Fusion Festival<\/a>, L\u00c4RZ<\/strong><br>\u2022 18-05-18&nbsp;:::&nbsp;<a rel=\"noreferrer noopener\" href=\"https:\/\/www.facebook.com\/events\/348393565667224\/\" target=\"_blank\">Ursa Minor<\/a>, SAINT-ETIENNE<br>\u2022 10-05-18 :::&nbsp;<a rel=\"noreferrer noopener\" href=\"https:\/\/www.facebook.com\/events\/2046578822238728\/\" target=\"_blank\">Le Bunker<\/a>, BRUXELLES<br>\u2022 09-05-18 :::&nbsp;<a rel=\"noreferrer noopener\" href=\"https:\/\/www.facebook.com\/events\/216619009074763\/\" target=\"_blank\">Le Nadir<\/a>, BOURGES (+ Drame)<br>\u2022 30-03-18 :::&nbsp;<a rel=\"noreferrer noopener\" href=\"https:\/\/www.facebook.com\/events\/754983521371642\/\" target=\"_blank\">PZZLE Festival #4, Maison Folie Moulins<\/a>, LILLE (+ Frustration, Vox Low)<br>\u2022 29-03-18 :::&nbsp;<a rel=\"noreferrer noopener\" href=\"http:\/\/www.fgo-barbara.fr\/programmation\/agenda\/drame-le-reveil-des-tropiques-721\" target=\"_blank\">FGO-Barbara<\/a>, PARIS (+ Drame)<br>\u2022 16-02-18 :::&nbsp;<a rel=\"noreferrer noopener\" href=\"http:\/\/www.6par4.com\/agenda\/7798\/le-reveil-des-tropiques-en-afterwork\" target=\"_blank\">6PAR4<\/a>, LAVAL<br><strong>\u2022 08-12-17 :::&nbsp;<a rel=\"noreferrer noopener\" href=\"https:\/\/www.facebook.com\/events\/333900323748177\/\" target=\"_blank\">Festival Bars En Trans, Le Mondo Bizarro<\/a>,&nbsp;RENNES<\/strong><br>\u2022 16-10-15 :::&nbsp;<a rel=\"noreferrer noopener\" href=\"http:\/\/semaine-etudiant.univ-toulouse.fr\/programme\/corrina-repp-le-r%C3%A9veil-des-tropiques\" target=\"_blank\">Le Studio<\/a>, Onet-Le-Ch\u00e2teau, RODEZ<br>\u2022 15-10-15 :::&nbsp;<a rel=\"noreferrer noopener\" href=\"http:\/\/www.concertchezmoi.com\/\" target=\"_blank\">Atelier 81, Concert Chez Moi<\/a>, NICE<br>\u2022 13-12-14 :::&nbsp;<a rel=\"noreferrer noopener\" href=\"http:\/\/www.grim-marseille.com\/grim\/NuitdHiver.html\" target=\"_blank\">Festival Nuit d&#8217;Hiver#12, GRIM<\/a>, MARSEILLE (+ France)<br>\u2022 12-12-14 ::: <a rel=\"noreferrer noopener\" href=\"http:\/\/www.mistralpalace.com\/\" target=\"_blank\">Le Mistral Palace<\/a>, VALENCE<br>\u2022 11-12-14 ::: <a rel=\"noreferrer noopener\" href=\"http:\/\/theblacksheep.fr\/\" target=\"_blank\">The Black Sheep<\/a>, MONTPELLIER<br>\u2022 03-12-14 ::: <a rel=\"noreferrer noopener\" href=\"http:\/\/www.en-vla.org\/2014\/12\/03\/308-bombori-le-reveil-des-tropiques-fakemood-le-cirque-electrique-mercredi-3-decembre\/\" target=\"_blank\">Le Cirque Electrique<\/a>, PARIS (+ Bombori)<br>\u2022 10-08-2014 :::&nbsp;<a rel=\"noreferrer noopener\" href=\"https:\/\/www.facebook.com\/events\/1416672568602066\/\" target=\"_blank\">Festival Visions#2<\/a>, MORLAIX<br><strong>\u2022 26-07-2014 :::&nbsp;<a rel=\"noreferrer noopener\" href=\"https:\/\/www.facebook.com\/events\/269165276611469\/\" target=\"_blank\">Villette Sonique \/ The Drone Summer Party, Le Trabendo<\/a>, PARIS<\/strong><br>\u2022 17-05-2014 ::: Festival Spiderland, La Nef, ANGOULEME<br>\u2022 05-04-2014 :::&nbsp;<a rel=\"noreferrer noopener\" href=\"https:\/\/www.facebook.com\/events\/293554367460950\/\" target=\"_blank\">Espace B<\/a>, PARIS<br>\u2022 04-04-2014 :::&nbsp;<a rel=\"noreferrer noopener\" href=\"https:\/\/www.facebook.com\/events\/1431321720446959\" target=\"_blank\">Le Fermatozo\u00efde<\/a>,&nbsp;RENNES<br>\u2022 03-04-2014 :::&nbsp;<a rel=\"noreferrer noopener\" href=\"https:\/\/www.facebook.com\/events\/507360682716928\/\" target=\"_blank\">P\u00f4le Etudiant<\/a>, NANTES<br>\u2022 02-04-2014 ::: L&#8217;Envers, BORDEAUX<br>\u2022 01-04-2014 ::: Magasin G\u00e9n\u00e9ral, TARNAC<br>\u2022 31-03-2014 ::: Sprint Bar, CLERMONT-FERRAND<br>\u2022 30-03-2014 ::: Kraspek, LYON<br>\u2022 29-03-2014 :::&nbsp;<a rel=\"noreferrer noopener\" href=\"https:\/\/www.facebook.com\/events\/468904136568626\/\" target=\"_blank\">Le Maquis<\/a>, BESANCON<br>\u2022 24-01-2014 :::&nbsp;<a rel=\"noreferrer noopener\" href=\"https:\/\/www.facebook.com\/buffet.froid.9\" target=\"_blank\">Buffet Froid<\/a>, LYON<br>\u2022 23-01-2014 :::&nbsp;<a rel=\"noreferrer noopener\" href=\"http:\/\/www.lalune.net\/concert-amiens\/programme\/concert\/oathbreaker\/\" target=\"_blank\">La Lune des Pirates<\/a>, AMIENS<br>\u2022 05-07-2013 :::&nbsp;<a rel=\"noreferrer noopener\" href=\"http:\/\/www.la-ferme-electrique.fr\/le-reveil-des-tropiques-a-l-affiche-du-festival-la-ferme-electrique-2013\" target=\"_blank\">Festival La Ferme Electrique<\/a>, TOURNAN-EN-BRIE<br>\u2022 06-04-2013 :::&nbsp;<a rel=\"noreferrer noopener\" href=\"https:\/\/www.facebook.com\/events\/245923372199500\/\" target=\"_blank\">Les Instants Chavir\u00e9s<\/a>, PARIS<br>\u2022 04-05-2013 ::: <a rel=\"noreferrer noopener\" href=\"https:\/\/www.facebook.com\/events\/619072104772950\/\" target=\"_blank\">Le Lapin Blanc<\/a>, PARIS<br>\u2022 04-04-2013 ::: <a rel=\"noreferrer noopener\" href=\"http:\/\/www.digitick.com\/mind-your-head-maserati-zero-absolu-reveil-des-tropiques-concert-point-ephemere-paris-04-avril-2013-css4-digitick-pg101-ri1588972.html\" target=\"_blank\">Le Point Eph\u00e9m\u00e8re<\/a>, PARIS (+ Maserati)<br>\u2022 22-03-2013 ::: L&#8217;ivresse, NANTES<br>\u2022 21-03-2013 ::: Le Reaume, BRICQUEBEC<br>\u2022 20-03-2013 ::: Le Bar du Couvent, CAMLEZ<br>\u2022 19-03-2013 ::: Ubu, CAEN<br>\u2022 17-03-2013 ::: <a rel=\"noreferrer noopener\" href=\"http:\/\/www.stimultania.org\/strasbourg\/musiques\/chausse-trappe-reveil-des-tropiques\/\" target=\"_blank\">Stimultania<\/a>, STRASBOURG<br>\u2022 16-03-2013 ::: Deep Inside, DIJON<br>\u2022 15-03-2013 ::: <a rel=\"noreferrer noopener\" href=\"http:\/\/ecluse-reims.org\/\" target=\"_blank\">L&#8217;Ecluse<\/a>, REIMS<br>\u2022 14-03-2013 ::: La Machine Utile, ANNECY<br>\u2022 13-03-2013 ::: <a rel=\"noreferrer noopener\" href=\"https:\/\/fr.yesgolive.com\/so-prod\/le-reveil-des-tropiques-guest\/2013-03-13%2020:00\" target=\"_blank\">Les Demoiselles du Cinq<\/a>, MARSEILLE<br>\u2022 12-03-2013 ::: Black Sheep, MONTPELLIER<br>\u2022 11-03-2013 ::: Les Pavillons Sauvages, TOULOUSE<br>\u2022 09-03-2013 ::: Celtic Pub, TARBES<br>\u2022 08-03-2013 ::: L&#8217;Ubu &#8211; Music Action, PERPIGNAN<br>\u2022 07-03-2013 ::: Le Magasin G\u00e9n\u00e9ral, TARNAC<br>\u2022 06-03-2013 ::: Le Trokson, LYON<br>\u2022 09-12-2012 ::: Mains d&#8217;Oeuvres, <a rel=\"noreferrer noopener\" href=\"http:\/\/www.lastfm.fr\/event\/3415191+Arrache-toi+un+oeil%21+f%C3%AAte+ses+10+ans%21%21%21+\" target=\"_blank\">Arrache-toi un Oeil 10 ans<\/a>, SAINT-OUEN<br>\u2022 07-12-2012 ::: La P\u00e9niche, LILLE<br>\u2022 04-10-2012 ::: <a rel=\"noreferrer noopener\" href=\"https:\/\/www.facebook.com\/events\/419854421411840\/\" target=\"_blank\">Les Vo\u00fbtes<\/a>, PARIS<br>\u2022 02-08-2012 ::: <a rel=\"noreferrer noopener\" href=\"http:\/\/www.glazart.com\/LaPlage\/events\/carte-blanche-a-en-veux-tu-en-vla\/\" target=\"_blank\">La Plage de Glaz&#8217;Art<\/a>, PARIS<br>\u2022 14-07-2012 :::&nbsp;28 rue Petrelle Galerie,&nbsp;Festival&nbsp;<a rel=\"noreferrer noopener\" href=\"http:\/\/www.baladessonores.com\/news\/bittersweet-paradise2012\/\" target=\"_blank\">BitterSweet (paradise)<\/a>&nbsp;II, PARIS<br>\u2022 31-03-2012 ::: Le Bois-Dormoy, <a rel=\"noreferrer noopener\" href=\"http:\/\/www.baladessonores.com\/agenda\/portes-ouvertes-la-chapelle\/\" target=\"_blank\">Balades Sonores<\/a>, PARIS<br>\u2022 17-03-2012 :::&nbsp;<a rel=\"noreferrer noopener\" href=\"http:\/\/www.baladessonores.com\/agenda\/judah-warsky-le-reveil-des-tropiques-salsa-cinderella-a-p-witomski-nicolas-kerr\/\" target=\"_blank\">La Fl\u00e8che d&#8217;Or<\/a>, PARIS<br>\u2022 16-02-2012 ::: La Fabrique des&nbsp;<a rel=\"noreferrer noopener\" href=\"http:\/\/www.baladessonores.com\/artist\/le-reveil-des-tropiques\/\" target=\"_blank\">Balades Sonores<\/a>, PARIS<br>\u2022 04-02-2012 :::&nbsp;<a rel=\"noreferrer noopener\" href=\"http:\/\/auxarts.fr\/2012\/01\/postghost-recordings\/\" target=\"_blank\">L&#8217;Oreille Qui Tra\u00eene<\/a>, ROUEN<br>\u2022 &nbsp;03-02-2012 :::&nbsp;<a rel=\"noreferrer noopener\" href=\"http:\/\/35.agendaculturel.fr\/concert\/rennes\/la-bascule\/le-reveil-des-tropiques-et-garcon-machin.html\" target=\"_blank\">La Bascule<\/a>, RENNES<br>\u2022 28-10-2011 :::&nbsp;<a rel=\"noreferrer noopener\" href=\"http:\/\/www.lestroisbaudets.com\/avec_les_artistes\/98331\/lereveildestropiques.html\" target=\"_blank\">Les Trois Baudets<\/a>, PARIS<br>\u2022 28-05-2011 ::: Village Label,&nbsp;<a rel=\"noreferrer noopener\" href=\"http:\/\/www.villettesonique.com\/#\/fr\/villagelabel\" target=\"_blank\">Villette Sonique<\/a>, PARIS<br><strong>\u2022 28-03-2011 :::&nbsp;<a rel=\"noreferrer noopener\" href=\"http:\/\/vimeo.com\/21896073\" target=\"_blank\">Centre Pompidou<\/a>,&nbsp;<a rel=\"noreferrer noopener\" href=\"http:\/\/www.cinemadureel.org\/fr\/archives\/diaporama\/diaporamas-de-ledition-2011\/les-seances-speciales\/30.tat.cineconcert.gif\/view\" target=\"_blank\">Festival Cin\u00e9ma du R\u00e9el<\/a>,&nbsp;PARIS<\/strong><br>\u2022 17-02-2011 ::: Le Ch\u00e2teau Pirate Albatart, PARIS<\/p>\n\n\n\n<h2 class=\"wp-block-heading\">TRESORS :<\/h2>\n\n\n\n<p>2012<\/p>\n\n\n\n<ul class=\"wp-block-list\">\n<li>03 Mai: <strong>Paris <\/strong>Espace B<\/li>\n\n\n\n<li>11 Mai: <strong>Bordeaux<\/strong> Iboat<\/li>\n\n\n\n<li>07 Juin: <strong>Paris <\/strong>Le Rouge<\/li>\n\n\n\n<li>09 Juin: <strong>Lille <\/strong>Latitudes Contemporaines<\/li>\n\n\n\n<li>22 Juin: <strong>Philadelphie<\/strong> KTL w\/ Mmoths<\/li>\n\n\n\n<li>23 Juin: <strong>Washington<\/strong> Velvet Lounge w\/ Protect-U<\/li>\n\n\n\n<li>24 Juin: <strong>Brooklyn <\/strong>Matchless w\/ Rarechild<\/li>\n\n\n\n<li>30 Juin: <strong>Brooklyn<\/strong> Delinquency w\/ Happy New year<\/li>\n\n\n\n<li>16 Juillet: <strong>Paris<\/strong> Baron<\/li>\n\n\n\n<li>23 Ao\u00fbt: <strong>Paris <\/strong>Candelaria<\/li>\n\n\n\n<li>13 Septembre: <strong>Paris<\/strong> Fl\u00e8che d\u2019Or&nbsp; w\/ Mi Ami, The Present Moment<\/li>\n\n\n\n<li>04 Novembre: <strong>Paris<\/strong> Balades Sonores<\/li>\n\n\n\n<li>16 Novembre: <strong>Paris <\/strong>Point FMR w\/ La Chatte + 2 kilos and more<\/li>\n\n\n\n<li>30 Novembre: <strong>Poitiers<\/strong> Le M\u00e9t\u00e9o,<\/li>\n\n\n\n<li>14 D\u00e9cembre: <strong>Metz <\/strong>70 caf\u00e9<\/li>\n\n\n\n<li>15 D\u00e9cembre: <strong>Ghent<\/strong> Glimps Festival<\/li>\n\n\n\n<li>16 d\u00e9cembre: <strong>Paris <\/strong>Mu<\/li>\n\n\n\n<li>28 D\u00e9cembre: <strong>Lyon <\/strong>Sonic<\/li>\n\n\n\n<li><\/li>\n\n\n\n<li><strong>2013<\/strong><\/li>\n\n\n\n<li><\/li>\n\n\n\n<li>04 janvier: <strong>Lille <\/strong>Le Rouge<\/li>\n\n\n\n<li>25 janvier: <strong>Paris <\/strong>M\u00e9canique<\/li>\n\n\n\n<li>6 f\u00e9vrier: <strong>Paris <\/strong>Glass dj set<\/li>\n\n\n\n<li>23 f\u00e9vrier: <strong>Marseille <\/strong>Les demoiselles du cinq<\/li>\n\n\n\n<li>9 avril: <strong>Paris <\/strong>Glass<\/li>\n\n\n\n<li>12 avril: <strong>Nantes <\/strong>Stakhanov + Holy Strays<\/li>\n\n\n\n<li>13 avril: <strong>Rennes <\/strong>Bar d\u2019\u00e0 c\u00f4t\u00e9<\/li>\n\n\n\n<li>9 ao\u00fbt: <strong>Morlaix<\/strong> Visions Festival<\/li>\n\n\n\n<li>17 ao\u00fbt: <strong>Saint-Malo <\/strong>La Route du rock<\/li>\n\n\n\n<li>15 septembre: Balades Sonores \/ Trabendo<\/li>\n\n\n\n<li>27 septembre: <strong>Tours <\/strong>Le Temps Machine+Blackmail<\/li>\n\n\n\n<li>3 octobre: <strong>Toulouse <\/strong>Jardins Synth\u00e9tiques<\/li>\n\n\n\n<li>2 novembre: <strong>Strasbourg <\/strong>Avila Factory<\/li>\n\n\n\n<li>5 novembre: <strong>Lille <\/strong>A\u00e9ronef<\/li>\n\n\n\n<li>7 novembre: <strong>Paris <\/strong>Palais de Tokyo<\/li>\n<\/ul>\n\n\n\n<h2 class=\"wp-block-heading\">EDDIE135:<\/h2>\n\n\n\n<h3 class=\"wp-block-heading\">2010<\/h3>\n\n\n\n<ul class=\"wp-block-list\">\n<li>20 nov : Maison Daniel F\u00e9ry, Nanterre. Multidisciplinary chain with Halph, David Brochard, Ivan Gomez Montero &amp; Ga\u00eblle Mangin.&nbsp;<\/li>\n\n\n\n<li>6 Nov : Ferme du plateau, Tournan. (+Monsieur Charles +Casse Gueule)<\/li>\n\n\n\n<li>21 juil : Panic Room, Paris. ( +Feu Machin)<\/li>\n\n\n\n<li>21 juin : Espace en cours, Paris. Duo with Aliquid (J-M. Foussat &amp; S. Gu\u00e9rineau).<\/li>\n\n\n\n<li>6 juin : Guillotine, Montreuil. Duo with Laurent Pascal.<\/li>\n\n\n\n<li>1 avril: Le Remue M\u00e9ninges, St Etienne. ( + Shin\u2019Ishi Isohata)<\/li>\n\n\n\n<li>31 mars : Le Grand Guignol, Lyon. ( + Quentin Dubost &amp; Shin\u2019Ishi Isohata)<\/li>\n<\/ul>\n\n\n\n<h3 class=\"wp-block-heading\">2009<\/h3>\n\n\n\n<ul class=\"wp-block-list\">\n<li>17 Dec : Soci\u00e9t\u00e9 de Curiosit\u00e9s, Paris. <em>\u201c4 \u00e0 table\u201d<\/em> with Laurent Chambert &amp; David Fenech.<\/li>\n\n\n\n<li>14 Dec 14 : Rigoletto, Paris. <em>Duo with Laurent Pascal. <\/em>( + Woom + Mattin &amp; Taku Unami)<\/li>\n\n\n\n<li>26 Nov : Soci\u00e9t\u00e9 de Curiosit\u00e9s, Paris. <em>\u201c4 \u00e0 table\u201d<\/em> with Quentin Dubost, Thierry Madiot, Sylvain Rifflet &amp; Carol Robinson.<\/li>\n\n\n\n<li>29 Oct : Soci\u00e9t\u00e9 de Curiosit\u00e9s, Paris. <em>\u201c4 \u00e0 table\u201d<\/em> with Hafdis Bjarnadottir, Thomas Bloch, Justine Chen &amp; Jocelyn Mienniel.<\/li>\n\n\n\n<li>15 Oct : Vorwerkstift, Hamburg. Trio with Robert Engelbrecht &amp; Helge Meyer.<\/li>\n\n\n\n<li>14 Sept : Soci\u00e9t\u00e9 de Curiosit\u00e9s, Paris. \u201c4 \u00e0 table\u201d with Judika\u00ebl Mauffret, Fred Nipi, Laurent Pascal &amp; Valentina Tra\u00efanova.<\/li>\n\n\n\n<li>12 Sep : Rigoletto, Paris. (+SJ ESAU, Wenderbecq, Lawn Factory)<\/li>\n\n\n\n<li>30 Jul : Soci\u00e9t\u00e9 de Curiosit\u00e9s, Paris. \u201c4 \u00e0 table\u201d with Jean Bord\u00e9, Catherine Brisset, Robert Engelbrecht &amp; Masahiro Kamihatsubo.<\/li>\n\n\n\n<li>29 Jul : Rigoletto, Paris. ( + Psychedelic Desert + Robert Engelbrecht + Buffet Froid)<\/li>\n\n\n\n<li>26 Jul : Le Placard \/ Le Vaisseau, Paris. ( +Evil Moisture +Erik Minkinnen +Strom Varx\u2026)<\/li>\n\n\n\n<li>24 Jul &nbsp;: Captain\u2019Tavern, Rouen. (+Psychedelic Desert +Tanguy Guy)<\/li>\n\n\n\n<li>25 Juin : Soci\u00e9t\u00e9 de Curiosit\u00e9s, Paris. \u201c4 \u00e0 table\u201d with Noel Akchot\u00e9, Cathy Heyden, Fanny Lafargues &amp; J\u00e9rome Noettinger.<\/li>\n\n\n\n<li>21 Jun : Obake Yashiki \/ Gari-Gari, Tokyo. (+Jahiliyyah +Splinter vs Stalin +Kumiko Okamura\u2026)<\/li>\n\n\n\n<li>12 Juin : Chef d\u2019Oeuvre, Osaka. Trio with Shin\u2019Ishi Isohata &amp; Tim Olive.<\/li>\n\n\n\n<li>11 Juin : Common Caf\u00e9, Osaka. (+Reiko Imanishi&#8230;)<\/li>\n\n\n\n<li>10 Juin : Socio, Osaka. (+Tetsuo Shiomi, Capital Punishment\u2026)<\/li>\n\n\n\n<li>9 Juin : Socrates, Kyoto. ( + Vostok + Kutujoku&#8230;)<\/li>\n\n\n\n<li>8 Juin : Futuro, Osaka. Trio with Shin\u2019Ishi Isohata &amp; Jerry Gordon.<\/li>\n\n\n\n<li>6 Juin : Katakamuna, Kobe. Duo with Psychedelic Desert.&nbsp;<\/li>\n\n\n\n<li>5 Juin : Junk Room \/ Urban Guild, Kyoto. ( + Andrea Valvini + ??? + ???\u2026)<\/li>\n\n\n\n<li>28 Mai : Soci\u00e9t\u00e9 de Curiosit\u00e9s, Paris. \u201c4 \u00e0 table\u201d with Jean-Marc Foussat, Thomas Tilly, Marielle Martin &amp; Dan Warburton.<\/li>\n\n\n\n<li>30 Avr &nbsp;: Soci\u00e9t\u00e9 de Curiosit\u00e9s, Paris. \u201c4 \u00e0 table\u201d with Marin Favre, Jean-Luc Guionnet, Karine Larivet &amp; Julien Skrobek.<\/li>\n\n\n\n<li>25 Avr &nbsp;: Casa Viva, Porto. with and as Mental Liberation Ensemble.<\/li>\n\n\n\n<li>24 Avr : Crew Hassan, Lisboa. <em>duo with Joao Castro Pinto.<\/em><\/li>\n\n\n\n<li>22 Avr: Lugar do Capitao, Viseu. <em>duo with Manuela Barile.<\/em><\/li>\n<\/ul>\n\n\n\n<h3 class=\"wp-block-heading\">2008<\/h3>\n\n\n\n<ul class=\"wp-block-list\">\n<li>3 Dec : Caf\u00e9 de la Plage, Paris. \u201cLove Off\u201d with Jonathan Thomas, :take:, Jonn Toad &amp; Robert Engelbrecht<\/li>\n\n\n\n<li>2 Dec : M\u00e9canique Ondulatoire, Paris. (+Torngat)<\/li>\n\n\n\n<li>30 Nov : Mains d\u2019Oeuvres, St Ouen. \u201cOtto\u201d, trio with K.Kliniques &amp; No\u00ebmie Maurouard.<\/li>\n\n\n\n<li>16 Nov : Mains d\u2019Oeuvres, St Ouen. <em>\u201cDegr\u00e9s de coincidence\u201d<\/em><\/li>\n\n\n\n<li>19 Jun : Biz\u2019Art, Paris.<\/li>\n\n\n\n<li>8 Jun : Gymnase Escudier, Boulogne-Billancourt. <em>\u201cPlace Carr\u00e9e\u201d with Compagnie Anga<\/em><\/li>\n\n\n\n<li>28 Mai : Maison de la musique, Nanterre. \u201cNanterre Mai\u201d with Camille Pilato &amp; Robert Engelbrecht ( + Christian Zan\u00e9si + ???)<\/li>\n\n\n\n<li>18 Mai : Th\u00e9atre du Lierre, Paris. <em>\u201cPlace Carr\u00e9e\u201d with Compagnie Anga<\/em><\/li>\n\n\n\n<li>16 Mai : Centre Culturel de l\u2019Abbaye. <em>\u201cPlace Carr\u00e9e\u201d with Compagnie Anga<\/em><\/li>\n\n\n\n<li>13 Mai : Le Klub, Paris. Duo with John H. (+the Drift +5000 pas)<\/li>\n\n\n\n<li>13, 14, 14 Mar : Espace Mathis, Paris. <em>\u201cPlace Car\u00e9e\u201d with Compagnie Anga.<\/em><\/li>\n\n\n\n<li>1 Fev : bd Voltaire, Paris.<em> Duo with Robert Engelbrecht.<\/em><\/li>\n<\/ul>\n","protected":false},"excerpt":{"rendered":"<p>HIGHLIGHTS Tr\u00e9sors Le 104 (Paris) &#8211; October 2014La Palais de Tokyo &#8211; November 2013La Route du Rock (St Malo) &amp; Vision festival (Morlaix) &#8211; August 2013USA \/ East Coast tour &#8211; June 2012 Le R\u00e9veil des Tropiques La Ferme Electrique #10, Tournan en Brie \u2013 2013 &amp; 2019La Station, Release Party, Paris &#8211; 2019Petit Bain, [&hellip;]<\/p>\n","protected":false},"author":1,"featured_media":0,"parent":0,"menu_order":0,"comment_status":"closed","ping_status":"closed","template":"","meta":{"footnotes":""},"class_list":["post-271","page","type-page","status-publish","hentry"],"_links":{"self":[{"href":"https:\/\/adrienkanter.com\/index.php\/wp-json\/wp\/v2\/pages\/271","targetHints":{"allow":["GET"]}}],"collection":[{"href":"https:\/\/adrienkanter.com\/index.php\/wp-json\/wp\/v2\/pages"}],"about":[{"href":"https:\/\/adrienkanter.com\/index.php\/wp-json\/wp\/v2\/types\/page"}],"author":[{"embeddable":true,"href":"https:\/\/adrienkanter.com\/index.php\/wp-json\/wp\/v2\/users\/1"}],"replies":[{"embeddable":true,"href":"https:\/\/adrienkanter.com\/index.php\/wp-json\/wp\/v2\/comments?post=271"}],"version-history":[{"count":28,"href":"https:\/\/adrienkanter.com\/index.php\/wp-json\/wp\/v2\/pages\/271\/revisions"}],"predecessor-version":[{"id":479,"href":"https:\/\/adrienkanter.com\/index.php\/wp-json\/wp\/v2\/pages\/271\/revisions\/479"}],"wp:attachment":[{"href":"https:\/\/adrienkanter.com\/index.php\/wp-json\/wp\/v2\/media?parent=271"}],"curies":[{"name":"wp","href":"https:\/\/api.w.org\/{rel}","templated":true}]}}